{"id":2507,"date":"2022-01-16T18:46:53","date_gmt":"2022-01-16T18:46:53","guid":{"rendered":"https:\/\/staging.scicservizi.it\/?page_id=2507"},"modified":"2022-03-28T08:38:43","modified_gmt":"2022-03-28T08:38:43","slug":"prodotti-alimentari","status":"publish","type":"page","link":"https:\/\/scicservizi.it\/it\/case-instance\/prodotti-alimentari\/","title":{"rendered":"Prodotti alimentari"},"content":{"rendered":"<div class=\"fusion-fullwidth fullwidth-box fusion-builder-row-1 fusion-flex-container nonhundred-percent-fullwidth non-hundred-percent-height-scrolling\" style=\"background-color: rgba(255,255,255,0);background-position: center center;background-repeat: no-repeat;border-width: 0px 0px 0px 0px;border-color:#e8ebef;border-style:solid;\" ><div class=\"fusion-builder-row fusion-row fusion-flex-align-items-flex-start\" style=\"max-width:1310.4px;margin-left: calc(-4% \/ 2 );margin-right: calc(-4% \/ 2 );\"><div class=\"fusion-layout-column fusion_builder_column fusion-builder-column-0 fusion_builder_column_1_2 1_2 fusion-flex-column\"><div class=\"fusion-column-wrapper fusion-flex-justify-content-flex-start fusion-content-layout-column\" style=\"background-position:left top;background-repeat:no-repeat;-webkit-background-size:cover;-moz-background-size:cover;-o-background-size:cover;background-size:cover;padding: 0px 0px 0px 0px;\"><div style=\"text-align:center;\"><span class=\" fusion-imageframe imageframe-none imageframe-1 hover-type-none\" style=\"border-radius:12px;\"><img width=\"593\" height=\"382\" title=\"3-Prodotti-alimentari-1\" src=\"https:\/\/scicservizi.it\/wp-content\/uploads\/2022\/03\/3-Prodotti-alimentari-1.jpg\" data-orig-src=\"http:\/\/scicservizi.it\/wp-content\/uploads\/2022\/03\/3-Prodotti-alimentari-1.jpg\" alt class=\"lazyload img-responsive wp-image-3677\" srcset=\"data:image\/svg+xml,%3Csvg%20xmlns%3D%27http%3A%2F%2Fwww.w3.org%2F2000%2Fsvg%27%20width%3D%27593%27%20height%3D%27382%27%20viewBox%3D%270%200%20593%20382%27%3E%3Crect%20width%3D%27593%27%20height%3D%27382%27%20fill-opacity%3D%220%22%2F%3E%3C%2Fsvg%3E\" data-srcset=\"https:\/\/scicservizi.it\/wp-content\/uploads\/2022\/03\/3-Prodotti-alimentari-1-200x129.jpg 200w, https:\/\/scicservizi.it\/wp-content\/uploads\/2022\/03\/3-Prodotti-alimentari-1-400x258.jpg 400w, https:\/\/scicservizi.it\/wp-content\/uploads\/2022\/03\/3-Prodotti-alimentari-1.jpg 593w\" data-sizes=\"auto\" data-orig-sizes=\"(max-width: 640px) 100vw, 593px\" \/><\/span><\/div><br><div style=\"text-align:center;\"><span class=\" fusion-imageframe imageframe-none imageframe-2 hover-type-none\" style=\"border-radius:12px;\"><img width=\"612\" height=\"201\" title=\"3-Prodotti alimentari 2\" src=\"https:\/\/scicservizi.it\/wp-content\/uploads\/2022\/03\/3-Prodotti-alimentari-2.jpg\" data-orig-src=\"http:\/\/scicservizi.it\/wp-content\/uploads\/2022\/03\/3-Prodotti-alimentari-2.jpg\" alt class=\"lazyload img-responsive wp-image-3717\" srcset=\"data:image\/svg+xml,%3Csvg%20xmlns%3D%27http%3A%2F%2Fwww.w3.org%2F2000%2Fsvg%27%20width%3D%27612%27%20height%3D%27201%27%20viewBox%3D%270%200%20612%20201%27%3E%3Crect%20width%3D%27612%27%20height%3D%27201%27%20fill-opacity%3D%220%22%2F%3E%3C%2Fsvg%3E\" data-srcset=\"https:\/\/scicservizi.it\/wp-content\/uploads\/2022\/03\/3-Prodotti-alimentari-2-200x66.jpg 200w, https:\/\/scicservizi.it\/wp-content\/uploads\/2022\/03\/3-Prodotti-alimentari-2-400x131.jpg 400w, https:\/\/scicservizi.it\/wp-content\/uploads\/2022\/03\/3-Prodotti-alimentari-2-600x197.jpg 600w, https:\/\/scicservizi.it\/wp-content\/uploads\/2022\/03\/3-Prodotti-alimentari-2.jpg 612w\" data-sizes=\"auto\" data-orig-sizes=\"(max-width: 640px) 100vw, 600px\" \/><\/span><\/div><\/div><style type=\"text\/css\">.fusion-body .fusion-builder-column-0{width:50% !important;margin-top : 20px;margin-bottom : 20px;}.fusion-builder-column-0 > .fusion-column-wrapper {padding-top : 0px !important;padding-right : 0px !important;margin-right : 3.84%;padding-bottom : 0px !important;padding-left : 0px !important;margin-left : 3.84%;}@media only screen and (max-width:1200px) {.fusion-body .fusion-builder-column-0{width:50% !important;order : 0;}.fusion-builder-column-0 > .fusion-column-wrapper {margin-right : 3.84%;margin-left : 3.84%;}}@media only screen and (max-width:640px) {.fusion-body .fusion-builder-column-0{width:100% !important;order : 0;}.fusion-builder-column-0 > .fusion-column-wrapper {margin-right : 1.92%;margin-left : 1.92%;}}<\/style><\/div><div class=\"fusion-layout-column fusion_builder_column fusion-builder-column-1 fusion_builder_column_1_2 1_2 fusion-flex-column\"><div class=\"fusion-column-wrapper fusion-flex-justify-content-flex-start fusion-content-layout-column\" style=\"background-position:left top;background-repeat:no-repeat;-webkit-background-size:cover;-moz-background-size:cover;-o-background-size:cover;background-size:cover;padding: 0px 0px 0px 0px;\"><style type=\"text\/css\">@media only screen and (max-width:1200px) {.fusion-title.fusion-title-1{margin-top:10px!important; margin-right:0px!important;margin-bottom:20px!important;margin-left:0px!important;}}@media only screen and (max-width:640px) {.fusion-title.fusion-title-1{margin-top:10px!important; margin-right:0px!important;margin-bottom:20px!important; margin-left:0px!important;}}<\/style><div class=\"fusion-title title fusion-title-1 fusion-sep-none fusion-title-text fusion-title-size-one\" style=\"font-size:90px;margin-top:10px;margin-right:0px;margin-bottom:20px;margin-left:0px;\"><h1 class=\"title-heading-left fusion-responsive-typography-calculated\" style=\"font-family:&quot;Jost&quot;;font-weight:700;margin:0;font-size:1em;color:var(--awb-color3);--fontSize:90;line-height:1.16;\">ALIMENTARI<\/h1><\/div><div class=\"fusion-content-boxes content-boxes columns row fusion-columns-1 fusion-columns-total-1 fusion-content-boxes-1 content-boxes-icon-with-title content-left\" data-animationOffset=\"top-into-view\" style=\"margin-top:;margin-bottom:;\"><style type=\"text\/css\">.fusion-content-boxes-1 .heading .content-box-heading {color:#023a51;}\n\t\t\t\t\t.fusion-content-boxes-1 .fusion-content-box-hover .link-area-link-icon-hover .heading .content-box-heading,\n\t\t\t\t\t.fusion-content-boxes-1 .fusion-content-box-hover .link-area-link-icon-hover .heading .heading-link .content-box-heading,\n\t\t\t\t\t.fusion-content-boxes-1 .fusion-content-box-hover .link-area-box-hover .heading .content-box-heading,\n\t\t\t\t\t.fusion-content-boxes-1 .fusion-content-box-hover .link-area-box-hover .heading .heading-link .content-box-heading,\n\t\t\t\t\t.fusion-content-boxes-1 .fusion-content-box-hover .link-area-link-icon-hover.link-area-box .fusion-read-more,\n\t\t\t\t\t.fusion-content-boxes-1 .fusion-content-box-hover .link-area-link-icon-hover.link-area-box .fusion-read-more::after,\n\t\t\t\t\t.fusion-content-boxes-1 .fusion-content-box-hover .link-area-link-icon-hover.link-area-box .fusion-read-more::before,\n\t\t\t\t\t.fusion-content-boxes-1 .fusion-content-box-hover .fusion-read-more:hover:after,\n\t\t\t\t\t.fusion-content-boxes-1 .fusion-content-box-hover .fusion-read-more:hover:before,\n\t\t\t\t\t.fusion-content-boxes-1 .fusion-content-box-hover .fusion-read-more:hover,\n\t\t\t\t\t.fusion-content-boxes-1 .fusion-content-box-hover .link-area-box-hover.link-area-box .fusion-read-more,\n\t\t\t\t\t.fusion-content-boxes-1 .fusion-content-box-hover .link-area-box-hover.link-area-box .fusion-read-more::after,\n\t\t\t\t\t.fusion-content-boxes-1 .fusion-content-box-hover .link-area-box-hover.link-area-box .fusion-read-more::before,\n\t\t\t\t\t.fusion-content-boxes-1 .fusion-content-box-hover .link-area-link-icon-hover .icon .circle-no,\n\t\t\t\t\t.fusion-content-boxes-1 .heading .heading-link:hover .content-box-heading {\n\t\t\t\t\t\tcolor: #2cbc63;\n\t\t\t\t\t}\n\t\t\t\t\t.fusion-content-boxes-1 .fusion-content-box-hover .link-area-box-hover .icon .circle-no {\n\t\t\t\t\t\tcolor: #2cbc63 !important;\n\t\t\t\t\t}.fusion-content-boxes-1 .fusion-content-box-hover .link-area-box.link-area-box-hover .fusion-content-box-button {background: #15d16c;color: #ffffff;}.fusion-content-boxes-1 .fusion-content-box-hover .link-area-box.link-area-box-hover .fusion-content-box-button .fusion-button-text {color: #ffffff;}\n\t\t\t\t\t.fusion-content-boxes-1 .fusion-content-box-hover .link-area-link-icon-hover .heading .icon > span {\n\t\t\t\t\t\tbackground-color: transparent !important;\n\t\t\t\t\t}\n\t\t\t\t\t.fusion-content-boxes-1 .fusion-content-box-hover .link-area-box-hover .heading .icon > span {\n\t\t\t\t\t\tborder-color: #2cbc63 !important;\n\t\t\t\t\t}<\/style><div class=\"fusion-column content-box-column content-box-column content-box-column-1 col-lg-12 col-md-12 col-sm-12 fusion-content-box-hover content-box-column-last content-box-column-last-in-row\"><div class=\"col content-box-wrapper content-wrapper link-area-link-icon content-icon-wrapper-yes icon-hover-animation-fade\" style=\"background-color:rgba(255,255,255,0);\" data-animationOffset=\"top-into-view\"><div class=\"heading heading-with-icon icon-left\"><div class=\"icon\"><span ><i style=\"background-color:transparent;border-color:transparent;height:auto;width: 32px;line-height:normal;color:#2cbc63;font-size:32px;\" aria-hidden=\"true\" class=\"fontawesome-icon fa-cookie-bite fas circle-no\"><\/i><\/span><\/div><h2 class=\"content-box-heading fusion-responsive-typography-calculated\" style=\"font-size:24px;--fontSize:24;line-height:1.2;\">Se sei un importatore\/distributore di prodotti alimentari o una catena di distribuzione<\/h2><\/div><div class=\"fusion-clearfix\"><\/div><div class=\"content-container\" style=\"color:#59667d;\">\n<p>Hai gi\u00e0 i Tuoi fornitori in Italia o ne devi trovare di nuovi. Tuttavia non \u00e8 facile gestire acquisti e spedizioni dall\u2019Italia : non di rado sorgono problemi di comprensione o di procedura con i Tuoi fornitori, e devi gestire pi\u00f9 documenti da pi\u00f9 fornitori diversi, senza parlare delle complessit\u00e0 logistiche.<br \/>\nNoi diventiamo il Tuo unico riferimento in Italia e dialoghiamo direttamente con i Tuoi fornitori per razionalizzare e semplificare le forniture. Coordiniamo gli acquisti dagli stabilimenti di produzione con cui gi\u00e0 lavori e in base alle Tue necessit\u00e0 troviamo nuovi produttori per gli articoli pi\u00f9 vari necessari alla grande distribuzione, sia freschi che surgelati e conservati.<br \/>\nStipuliamo con Te un dettagliato contratto bilingue che spesso \u00e8 richiesto dalla banca per effettuare i pagamenti e dalla Tua dogana in fase di importazione.<br \/>\nTu ci mandi l\u2019ordine e procediamo alla fase commerciale : acquistiamo i prodotti dai vari produttori, coordiniamo con Te la logistica, i carichi presso le aziende o presso un unico magazzino dove facciamo arrivare la merce. Naturalmente il magazzino \u00e8 dotato di spazi refrigerati per la merce che necessita di temperatura controllata.<br \/>\nRicevi una unica fattura dettagliata, con i codici doganali dei prodotti, i singoli pesi in fattura e con allegata una dettagliata packing-list. La fattura sar\u00e0 corredata di tutti i certificati richiesti per i prodotti alimentari : certificato veterinario (ove necessario), certificato di qualit\u00e0, certificati di analisi tutti ordinatamente forniti in un originale ed in tutte le copie necessarie, richieste dalla dogana e dalle autorit\u00e0 sanitarie del Tuo paese.<br \/>\nSiamo sempre disponibili in ogni momento per la soluzione di ogni problema, coinvolgendo anche i singoli produttori.<\/p>\n<\/div><\/div><\/div><style type=\"text\/css\">\n\t\t\t\t\t\t.fusion-content-boxes-1 .fusion-content-box-hover .heading-link:hover .icon i.circle-yes,\n\t\t\t\t\t\t.fusion-content-boxes-1 .fusion-content-box-hover .link-area-box:hover .heading-link .icon i.circle-yes,\n\t\t\t\t\t\t.fusion-content-boxes-1 .fusion-content-box-hover .link-area-link-icon-hover .heading .icon i.circle-yes,\n\t\t\t\t\t\t.fusion-content-boxes-1 .fusion-content-box-hover .link-area-box-hover .heading .icon i.circle-yes {\n\t\t\t\t\t\t\tbackground-color: transparent !important;\n\t\t\t\t\t\t\tborder-color: #2cbc63 !important;\n\t\t\t\t\t\t}<\/style><div class=\"fusion-clearfix\"><\/div><\/div><\/div><style type=\"text\/css\">.fusion-body .fusion-builder-column-1{width:50% !important;margin-top : 20px;margin-bottom : 20px;}.fusion-builder-column-1 > .fusion-column-wrapper {padding-top : 0px !important;padding-right : 0px !important;margin-right : 3.84%;padding-bottom : 0px !important;padding-left : 0px !important;margin-left : 3.84%;}@media only screen and (max-width:1200px) {.fusion-body .fusion-builder-column-1{width:50% !important;order : 0;}.fusion-builder-column-1 > .fusion-column-wrapper {margin-right : 3.84%;margin-left : 3.84%;}}@media only screen and (max-width:640px) {.fusion-body .fusion-builder-column-1{width:100% !important;order : 0;}.fusion-builder-column-1 > .fusion-column-wrapper {margin-right : 1.92%;margin-left : 1.92%;}}<\/style><\/div><\/div><style type=\"text\/css\">.fusion-body .fusion-flex-container.fusion-builder-row-1{ padding-top : 0px;margin-top : 0px;padding-right : 0px;padding-bottom : 0px;margin-bottom : 0px;padding-left : 0px;}<\/style><\/div>\n","protected":false},"excerpt":{"rendered":"","protected":false},"author":2,"featured_media":0,"parent":1296,"menu_order":0,"comment_status":"closed","ping_status":"closed","template":"","meta":[],"yoast_head":"<!-- This site is optimized with the Yoast SEO plugin v19.0 - https:\/\/yoast.com\/wordpress\/plugins\/seo\/ -->\n<title>Prodotti alimentari - Buyer in italy - export<\/title>\n<meta name=\"description\" content=\"- Prodotti alimentari\" \/>\n<meta name=\"robots\" content=\"index, follow, max-snippet:-1, max-image-preview:large, max-video-preview:-1\" \/>\n<link rel=\"canonical\" href=\"https:\/\/scicservizi.it\/it\/case-instance\/prodotti-alimentari\/\" \/>\n<meta property=\"og:locale\" content=\"it_IT\" \/>\n<meta property=\"og:type\" content=\"article\" \/>\n<meta property=\"og:title\" content=\"Prodotti alimentari - Buyer in italy - export\" \/>\n<meta property=\"og:description\" content=\"- Prodotti alimentari\" \/>\n<meta property=\"og:url\" content=\"https:\/\/scicservizi.it\/it\/case-instance\/prodotti-alimentari\/\" \/>\n<meta property=\"og:site_name\" content=\"Buyer in italy - export\" \/>\n<meta property=\"article:modified_time\" content=\"2022-03-28T08:38:43+00:00\" \/>\n<meta name=\"twitter:card\" content=\"summary_large_image\" \/>\n<meta name=\"twitter:label1\" content=\"Tempo di lettura stimato\" \/>\n\t<meta name=\"twitter:data1\" content=\"9 minuti\" \/>\n<script type=\"application\/ld+json\" class=\"yoast-schema-graph\">{\"@context\":\"https:\/\/schema.org\",\"@graph\":[{\"@type\":\"Organization\",\"@id\":\"https:\/\/scicservizi.it\/ru\/#organization\",\"name\":\"S.C.I.C SRL\",\"url\":\"https:\/\/scicservizi.it\/ru\/\",\"sameAs\":[\"https:\/\/www.linkedin.com\/company\/scic-italy-export\/\"],\"logo\":{\"@type\":\"ImageObject\",\"inLanguage\":\"it-IT\",\"@id\":\"https:\/\/scicservizi.it\/ru\/#\/schema\/logo\/image\/\",\"url\":\"https:\/\/scicservizi.it\/wp-content\/uploads\/2021\/12\/logo-scic.png\",\"contentUrl\":\"https:\/\/scicservizi.it\/wp-content\/uploads\/2021\/12\/logo-scic.png\",\"width\":160,\"height\":39,\"caption\":\"S.C.I.C SRL\"},\"image\":{\"@id\":\"https:\/\/scicservizi.it\/ru\/#\/schema\/logo\/image\/\"}},{\"@type\":\"WebSite\",\"@id\":\"https:\/\/scicservizi.it\/ru\/#website\",\"url\":\"https:\/\/scicservizi.it\/ru\/\",\"name\":\"Buyer in italy - export\",\"description\":\"Buyer in italy - export - made in italy\",\"publisher\":{\"@id\":\"https:\/\/scicservizi.it\/ru\/#organization\"},\"potentialAction\":[{\"@type\":\"SearchAction\",\"target\":{\"@type\":\"EntryPoint\",\"urlTemplate\":\"https:\/\/scicservizi.it\/ru\/?s={search_term_string}\"},\"query-input\":\"required name=search_term_string\"}],\"inLanguage\":\"it-IT\"},{\"@type\":\"WebPage\",\"@id\":\"https:\/\/scicservizi.it\/it\/case-instance\/prodotti-alimentari\/#webpage\",\"url\":\"https:\/\/scicservizi.it\/it\/case-instance\/prodotti-alimentari\/\",\"name\":\"Prodotti alimentari - Buyer in italy - export\",\"isPartOf\":{\"@id\":\"https:\/\/scicservizi.it\/ru\/#website\"},\"datePublished\":\"2022-01-16T18:46:53+00:00\",\"dateModified\":\"2022-03-28T08:38:43+00:00\",\"description\":\"- Prodotti alimentari\",\"breadcrumb\":{\"@id\":\"https:\/\/scicservizi.it\/it\/case-instance\/prodotti-alimentari\/#breadcrumb\"},\"inLanguage\":\"it-IT\",\"potentialAction\":[{\"@type\":\"ReadAction\",\"target\":[\"https:\/\/scicservizi.it\/it\/case-instance\/prodotti-alimentari\/\"]}]},{\"@type\":\"BreadcrumbList\",\"@id\":\"https:\/\/scicservizi.it\/it\/case-instance\/prodotti-alimentari\/#breadcrumb\",\"itemListElement\":[{\"@type\":\"ListItem\",\"position\":1,\"name\":\"Home\",\"item\":\"https:\/\/scicservizi.it\/it\/our-trade-services\/\"},{\"@type\":\"ListItem\",\"position\":2,\"name\":\"Case instance\",\"item\":\"https:\/\/scicservizi.it\/it\/case-instance\/\"},{\"@type\":\"ListItem\",\"position\":3,\"name\":\"Prodotti alimentari\"}]}]}<\/script>\n<!-- \/ Yoast SEO plugin. -->","yoast_head_json":{"title":"Prodotti alimentari - Buyer in italy - export","description":"- Prodotti alimentari","robots":{"index":"index","follow":"follow","max-snippet":"max-snippet:-1","max-image-preview":"max-image-preview:large","max-video-preview":"max-video-preview:-1"},"canonical":"https:\/\/scicservizi.it\/it\/case-instance\/prodotti-alimentari\/","og_locale":"it_IT","og_type":"article","og_title":"Prodotti alimentari - Buyer in italy - export","og_description":"- Prodotti alimentari","og_url":"https:\/\/scicservizi.it\/it\/case-instance\/prodotti-alimentari\/","og_site_name":"Buyer in italy - export","article_modified_time":"2022-03-28T08:38:43+00:00","twitter_card":"summary_large_image","twitter_misc":{"Tempo di lettura stimato":"9 minuti"},"schema":{"@context":"https:\/\/schema.org","@graph":[{"@type":"Organization","@id":"https:\/\/scicservizi.it\/ru\/#organization","name":"S.C.I.C SRL","url":"https:\/\/scicservizi.it\/ru\/","sameAs":["https:\/\/www.linkedin.com\/company\/scic-italy-export\/"],"logo":{"@type":"ImageObject","inLanguage":"it-IT","@id":"https:\/\/scicservizi.it\/ru\/#\/schema\/logo\/image\/","url":"https:\/\/scicservizi.it\/wp-content\/uploads\/2021\/12\/logo-scic.png","contentUrl":"https:\/\/scicservizi.it\/wp-content\/uploads\/2021\/12\/logo-scic.png","width":160,"height":39,"caption":"S.C.I.C SRL"},"image":{"@id":"https:\/\/scicservizi.it\/ru\/#\/schema\/logo\/image\/"}},{"@type":"WebSite","@id":"https:\/\/scicservizi.it\/ru\/#website","url":"https:\/\/scicservizi.it\/ru\/","name":"Buyer in italy - export","description":"Buyer in italy - export - made in italy","publisher":{"@id":"https:\/\/scicservizi.it\/ru\/#organization"},"potentialAction":[{"@type":"SearchAction","target":{"@type":"EntryPoint","urlTemplate":"https:\/\/scicservizi.it\/ru\/?s={search_term_string}"},"query-input":"required name=search_term_string"}],"inLanguage":"it-IT"},{"@type":"WebPage","@id":"https:\/\/scicservizi.it\/it\/case-instance\/prodotti-alimentari\/#webpage","url":"https:\/\/scicservizi.it\/it\/case-instance\/prodotti-alimentari\/","name":"Prodotti alimentari - Buyer in italy - export","isPartOf":{"@id":"https:\/\/scicservizi.it\/ru\/#website"},"datePublished":"2022-01-16T18:46:53+00:00","dateModified":"2022-03-28T08:38:43+00:00","description":"- Prodotti alimentari","breadcrumb":{"@id":"https:\/\/scicservizi.it\/it\/case-instance\/prodotti-alimentari\/#breadcrumb"},"inLanguage":"it-IT","potentialAction":[{"@type":"ReadAction","target":["https:\/\/scicservizi.it\/it\/case-instance\/prodotti-alimentari\/"]}]},{"@type":"BreadcrumbList","@id":"https:\/\/scicservizi.it\/it\/case-instance\/prodotti-alimentari\/#breadcrumb","itemListElement":[{"@type":"ListItem","position":1,"name":"Home","item":"https:\/\/scicservizi.it\/it\/our-trade-services\/"},{"@type":"ListItem","position":2,"name":"Case instance","item":"https:\/\/scicservizi.it\/it\/case-instance\/"},{"@type":"ListItem","position":3,"name":"Prodotti alimentari"}]}]}},"_links":{"self":[{"href":"https:\/\/scicservizi.it\/it\/wp-json\/wp\/v2\/pages\/2507"}],"collection":[{"href":"https:\/\/scicservizi.it\/it\/wp-json\/wp\/v2\/pages"}],"about":[{"href":"https:\/\/scicservizi.it\/it\/wp-json\/wp\/v2\/types\/page"}],"author":[{"embeddable":true,"href":"https:\/\/scicservizi.it\/it\/wp-json\/wp\/v2\/users\/2"}],"replies":[{"embeddable":true,"href":"https:\/\/scicservizi.it\/it\/wp-json\/wp\/v2\/comments?post=2507"}],"version-history":[{"count":12,"href":"https:\/\/scicservizi.it\/it\/wp-json\/wp\/v2\/pages\/2507\/revisions"}],"predecessor-version":[{"id":3720,"href":"https:\/\/scicservizi.it\/it\/wp-json\/wp\/v2\/pages\/2507\/revisions\/3720"}],"up":[{"embeddable":true,"href":"https:\/\/scicservizi.it\/it\/wp-json\/wp\/v2\/pages\/1296"}],"wp:attachment":[{"href":"https:\/\/scicservizi.it\/it\/wp-json\/wp\/v2\/media?parent=2507"}],"curies":[{"name":"wp","href":"https:\/\/api.w.org\/{rel}","templated":true}]}}